{"id":84,"date":"2023-11-20T13:14:35","date_gmt":"2023-11-20T12:14:35","guid":{"rendered":"https:\/\/laflamenca.net\/home\/"},"modified":"2024-02-07T09:29:13","modified_gmt":"2024-02-07T08:29:13","slug":"home","status":"publish","type":"page","link":"https:\/\/laflamenca.net\/es\/","title":{"rendered":"Home"},"content":{"rendered":"\t\t<div data-elementor-type=\"wp-page\" data-elementor-id=\"84\" class=\"elementor elementor-84\" data-elementor-post-type=\"page\">\n\t\t\t\t<div class=\"elementor-element elementor-element-2acb485f e-flex e-con-boxed e-con e-parent\" data-id=\"2acb485f\" data-element_type=\"container\" data-settings=\"{&quot;background_background&quot;:&quot;slideshow&quot;,&quot;background_motion_fx_translateY_effect&quot;:&quot;yes&quot;,&quot;background_motion_fx_translateY_speed&quot;:{&quot;unit&quot;:&quot;px&quot;,&quot;size&quot;:1,&quot;sizes&quot;:[]},&quot;background_slideshow_gallery&quot;:[{&quot;id&quot;:1187,&quot;url&quot;:&quot;https:\\\/\\\/laflamenca.net\\\/wp-content\\\/uploads\\\/2024\\\/01\\\/FOTO-3.webp&quot;},{&quot;id&quot;:581,&quot;url&quot;:&quot;https:\\\/\\\/laflamenca.net\\\/wp-content\\\/uploads\\\/2023\\\/12\\\/Las-Migas_FlamenGI_Gaspar-Morer_10.webp&quot;},{&quot;id&quot;:1188,&quot;url&quot;:&quot;https:\\\/\\\/laflamenca.net\\\/wp-content\\\/uploads\\\/2024\\\/01\\\/FOTO-4.webp&quot;},{&quot;id&quot;:1186,&quot;url&quot;:&quot;https:\\\/\\\/laflamenca.net\\\/wp-content\\\/uploads\\\/2024\\\/01\\\/FOTO-5.webp&quot;},{&quot;id&quot;:1185,&quot;url&quot;:&quot;https:\\\/\\\/laflamenca.net\\\/wp-content\\\/uploads\\\/2024\\\/01\\\/FOTO-6.webp&quot;},{&quot;id&quot;:565,&quot;url&quot;:&quot;https:\\\/\\\/laflamenca.net\\\/wp-content\\\/uploads\\\/2023\\\/12\\\/COLMAO-FLAMENGI8.webp&quot;}],&quot;background_slideshow_loop&quot;:&quot;yes&quot;,&quot;background_slideshow_slide_duration&quot;:5000,&quot;background_slideshow_slide_transition&quot;:&quot;fade&quot;,&quot;background_slideshow_transition_duration&quot;:500,&quot;background_motion_fx_translateY_affectedRange&quot;:{&quot;unit&quot;:&quot;%&quot;,&quot;size&quot;:&quot;&quot;,&quot;sizes&quot;:{&quot;start&quot;:0,&quot;end&quot;:100}},&quot;background_motion_fx_devices&quot;:[&quot;desktop&quot;,&quot;tablet&quot;,&quot;mobile&quot;]}\">\n\t\t\t\t\t<div class=\"e-con-inner\">\n\t\t\t\t<div class=\"elementor-element elementor-element-339edf71 elementor-widget__width-initial elementor-invisible elementor-widget elementor-widget-heading\" data-id=\"339edf71\" data-element_type=\"widget\" data-settings=\"{&quot;_animation&quot;:&quot;fadeInUp&quot;}\" data-widget_type=\"heading.default\">\n\t\t\t\t<div class=\"elementor-widget-container\">\n\t\t\t\t\t<h1 class=\"elementor-heading-title elementor-size-default\">Pasi\u00f3n, visi\u00f3n y emoci\u00f3n<\/h1>\t\t\t\t<\/div>\n\t\t\t\t<\/div>\n\t\t\t\t\t<\/div>\n\t\t\t\t<\/div>\n\t\t\t\t<\/div>\n\t\t","protected":false},"excerpt":{"rendered":"<p>Pasi\u00f3n, visi\u00f3n y emoci\u00f3n<\/p>\n","protected":false},"author":5,"featured_media":0,"parent":0,"menu_order":0,"comment_status":"closed","ping_status":"closed","template":"elementor_header_footer","meta":{"footnotes":""},"class_list":["post-84","page","type-page","status-publish","hentry"],"yoast_head":"<!-- This site is optimized with the Yoast SEO plugin v26.7 - https:\/\/yoast.com\/wordpress\/plugins\/seo\/ -->\n<title>Home - La Flamenca<\/title>\n<meta name=\"robots\" content=\"index, follow, max-snippet:-1, max-image-preview:large, max-video-preview:-1\" \/>\n<link rel=\"canonical\" href=\"https:\/\/laflamenca.net\/es\/\" \/>\n<meta property=\"og:locale\" content=\"es_ES\" \/>\n<meta property=\"og:type\" content=\"article\" \/>\n<meta property=\"og:title\" content=\"Home - La Flamenca\" \/>\n<meta property=\"og:description\" content=\"Pasi\u00f3n, visi\u00f3n y emoci\u00f3n\" \/>\n<meta property=\"og:url\" content=\"https:\/\/laflamenca.net\/es\/\" \/>\n<meta property=\"og:site_name\" content=\"La Flamenca\" \/>\n<meta property=\"article:modified_time\" content=\"2024-02-07T08:29:13+00:00\" \/>\n<meta name=\"twitter:card\" content=\"summary_large_image\" \/>\n<meta name=\"twitter:label1\" content=\"Tiempo de lectura\" \/>\n\t<meta name=\"twitter:data1\" content=\"1 minuto\" \/>\n<script type=\"application\/ld+json\" class=\"yoast-schema-graph\">{\"@context\":\"https:\/\/schema.org\",\"@graph\":[{\"@type\":\"WebPage\",\"@id\":\"https:\/\/laflamenca.net\/es\/\",\"url\":\"https:\/\/laflamenca.net\/es\/\",\"name\":\"Home - La Flamenca\",\"isPartOf\":{\"@id\":\"https:\/\/laflamenca.net\/#website\"},\"datePublished\":\"2023-11-20T12:14:35+00:00\",\"dateModified\":\"2024-02-07T08:29:13+00:00\",\"breadcrumb\":{\"@id\":\"https:\/\/laflamenca.net\/es\/#breadcrumb\"},\"inLanguage\":\"es\",\"potentialAction\":[{\"@type\":\"ReadAction\",\"target\":[\"https:\/\/laflamenca.net\/es\/\"]}]},{\"@type\":\"BreadcrumbList\",\"@id\":\"https:\/\/laflamenca.net\/es\/#breadcrumb\",\"itemListElement\":[{\"@type\":\"ListItem\",\"position\":1,\"name\":\"Portada\",\"item\":\"https:\/\/laflamenca.net\/es\/\"},{\"@type\":\"ListItem\",\"position\":2,\"name\":\"Home\"}]},{\"@type\":\"WebSite\",\"@id\":\"https:\/\/laflamenca.net\/#website\",\"url\":\"https:\/\/laflamenca.net\/\",\"name\":\"La Flamenca\",\"description\":\"\",\"publisher\":{\"@id\":\"https:\/\/laflamenca.net\/#organization\"},\"potentialAction\":[{\"@type\":\"SearchAction\",\"target\":{\"@type\":\"EntryPoint\",\"urlTemplate\":\"https:\/\/laflamenca.net\/?s={search_term_string}\"},\"query-input\":{\"@type\":\"PropertyValueSpecification\",\"valueRequired\":true,\"valueName\":\"search_term_string\"}}],\"inLanguage\":\"es\"},{\"@type\":\"Organization\",\"@id\":\"https:\/\/laflamenca.net\/#organization\",\"name\":\"La Flamenca\",\"url\":\"https:\/\/laflamenca.net\/\",\"logo\":{\"@type\":\"ImageObject\",\"inLanguage\":\"es\",\"@id\":\"https:\/\/laflamenca.net\/#\/schema\/logo\/image\/\",\"url\":\"https:\/\/laflamenca.net\/wp-content\/uploads\/2023\/11\/ima-logo-1-e1700557239572.png\",\"contentUrl\":\"https:\/\/laflamenca.net\/wp-content\/uploads\/2023\/11\/ima-logo-1-e1700557239572.png\",\"width\":1360,\"height\":362,\"caption\":\"La Flamenca\"},\"image\":{\"@id\":\"https:\/\/laflamenca.net\/#\/schema\/logo\/image\/\"}}]}<\/script>\n<!-- \/ Yoast SEO plugin. -->","yoast_head_json":{"title":"Home - La Flamenca","robots":{"index":"index","follow":"follow","max-snippet":"max-snippet:-1","max-image-preview":"max-image-preview:large","max-video-preview":"max-video-preview:-1"},"canonical":"https:\/\/laflamenca.net\/es\/","og_locale":"es_ES","og_type":"article","og_title":"Home - La Flamenca","og_description":"Pasi\u00f3n, visi\u00f3n y emoci\u00f3n","og_url":"https:\/\/laflamenca.net\/es\/","og_site_name":"La Flamenca","article_modified_time":"2024-02-07T08:29:13+00:00","twitter_card":"summary_large_image","twitter_misc":{"Tiempo de lectura":"1 minuto"},"schema":{"@context":"https:\/\/schema.org","@graph":[{"@type":"WebPage","@id":"https:\/\/laflamenca.net\/es\/","url":"https:\/\/laflamenca.net\/es\/","name":"Home - La Flamenca","isPartOf":{"@id":"https:\/\/laflamenca.net\/#website"},"datePublished":"2023-11-20T12:14:35+00:00","dateModified":"2024-02-07T08:29:13+00:00","breadcrumb":{"@id":"https:\/\/laflamenca.net\/es\/#breadcrumb"},"inLanguage":"es","potentialAction":[{"@type":"ReadAction","target":["https:\/\/laflamenca.net\/es\/"]}]},{"@type":"BreadcrumbList","@id":"https:\/\/laflamenca.net\/es\/#breadcrumb","itemListElement":[{"@type":"ListItem","position":1,"name":"Portada","item":"https:\/\/laflamenca.net\/es\/"},{"@type":"ListItem","position":2,"name":"Home"}]},{"@type":"WebSite","@id":"https:\/\/laflamenca.net\/#website","url":"https:\/\/laflamenca.net\/","name":"La Flamenca","description":"","publisher":{"@id":"https:\/\/laflamenca.net\/#organization"},"potentialAction":[{"@type":"SearchAction","target":{"@type":"EntryPoint","urlTemplate":"https:\/\/laflamenca.net\/?s={search_term_string}"},"query-input":{"@type":"PropertyValueSpecification","valueRequired":true,"valueName":"search_term_string"}}],"inLanguage":"es"},{"@type":"Organization","@id":"https:\/\/laflamenca.net\/#organization","name":"La Flamenca","url":"https:\/\/laflamenca.net\/","logo":{"@type":"ImageObject","inLanguage":"es","@id":"https:\/\/laflamenca.net\/#\/schema\/logo\/image\/","url":"https:\/\/laflamenca.net\/wp-content\/uploads\/2023\/11\/ima-logo-1-e1700557239572.png","contentUrl":"https:\/\/laflamenca.net\/wp-content\/uploads\/2023\/11\/ima-logo-1-e1700557239572.png","width":1360,"height":362,"caption":"La Flamenca"},"image":{"@id":"https:\/\/laflamenca.net\/#\/schema\/logo\/image\/"}}]}},"_links":{"self":[{"href":"https:\/\/laflamenca.net\/es\/wp-json\/wp\/v2\/pages\/84","targetHints":{"allow":["GET"]}}],"collection":[{"href":"https:\/\/laflamenca.net\/es\/wp-json\/wp\/v2\/pages"}],"about":[{"href":"https:\/\/laflamenca.net\/es\/wp-json\/wp\/v2\/types\/page"}],"author":[{"embeddable":true,"href":"https:\/\/laflamenca.net\/es\/wp-json\/wp\/v2\/users\/5"}],"replies":[{"embeddable":true,"href":"https:\/\/laflamenca.net\/es\/wp-json\/wp\/v2\/comments?post=84"}],"version-history":[{"count":76,"href":"https:\/\/laflamenca.net\/es\/wp-json\/wp\/v2\/pages\/84\/revisions"}],"predecessor-version":[{"id":2245,"href":"https:\/\/laflamenca.net\/es\/wp-json\/wp\/v2\/pages\/84\/revisions\/2245"}],"wp:attachment":[{"href":"https:\/\/laflamenca.net\/es\/wp-json\/wp\/v2\/media?parent=84"}],"curies":[{"name":"wp","href":"https:\/\/api.w.org\/{rel}","templated":true}]}}